{"id":1778,"date":"2025-01-12T02:07:56","date_gmt":"2025-01-12T01:07:56","guid":{"rendered":"https:\/\/adacen.org\/?page_id=1778"},"modified":"2025-06-02T23:35:32","modified_gmt":"2025-06-02T21:35:32","slug":"tecnologias","status":"publish","type":"page","link":"https:\/\/www.adacen.org\/eu\/tecnologias\/","title":{"rendered":"TEKNOLOGIAK"},"content":{"rendered":"<div data-elementor-type=\"wp-page\" data-elementor-id=\"1778\" class=\"elementor elementor-1778\" data-elementor-post-type=\"page\">\n\t\t\t\t<div class=\"elementor-element elementor-element-8a678ce e-flex e-con-boxed e-con e-parent\" data-id=\"8a678ce\" data-element_type=\"container\" data-settings=\"{&quot;background_background&quot;:&quot;classic&quot;}\">\n\t\t\t\t\t<div class=\"e-con-inner\">\n\t\t\t\t<div class=\"elementor-element elementor-element-6f21b5c elementor-widget elementor-widget-heading\" data-id=\"6f21b5c\" data-element_type=\"widget\" data-widget_type=\"heading.default\">\n\t\t\t\t<div class=\"elementor-widget-container\">\n\t\t\t\t\t<h1 class=\"elementor-heading-title elementor-size-default\">TEKNOLOGIAK<\/h1>\t\t\t\t<\/div>\n\t\t\t\t<\/div>\n\t\t\t\t\t<\/div>\n\t\t\t\t<\/div>\n\t\t<div class=\"elementor-element elementor-element-8546f4e e-flex e-con-boxed e-con e-parent\" data-id=\"8546f4e\" data-element_type=\"container\">\n\t\t\t\t\t<div class=\"e-con-inner\">\n\t\t\t\t<div class=\"elementor-element elementor-element-a4494dd elementor-widget elementor-widget-spacer\" data-id=\"a4494dd\" data-element_type=\"widget\" data-widget_type=\"spacer.default\">\n\t\t\t\t<div class=\"elementor-widget-container\">\n\t\t\t\t\t\t\t<div class=\"elementor-spacer\">\n\t\t\t<div class=\"elementor-spacer-inner\"><\/div>\n\t\t<\/div>\n\t\t\t\t\t\t<\/div>\n\t\t\t\t<\/div>\n\t\t\t\t\t<\/div>\n\t\t\t\t<\/div>\n\t\t<div class=\"elementor-element elementor-element-a013e5c e-flex e-con-boxed e-con e-parent\" data-id=\"a013e5c\" data-element_type=\"container\">\n\t\t\t\t\t<div class=\"e-con-inner\">\n\t\t\t\t<div class=\"elementor-element elementor-element-331510c elementor-widget elementor-widget-text-editor\" data-id=\"331510c\" data-element_type=\"widget\" data-widget_type=\"text-editor.default\">\n\t\t\t\t<div class=\"elementor-widget-container\">\n\t\t\t\t\t\t\t\t\t<h5>ADACENen esperientzia sendoa dugu garuneko kaltea duten pertsonen arretaren kalitatea hobetzera bideratutako teknologia berrien erabileran eta ikerketan.<\/h5>\t\t\t\t\t\t\t\t<\/div>\n\t\t\t\t<\/div>\n\t\t\t\t\t<\/div>\n\t\t\t\t<\/div>\n\t\t<div class=\"elementor-element elementor-element-3f13161 e-flex e-con-boxed e-con e-parent\" data-id=\"3f13161\" data-element_type=\"container\">\n\t\t\t\t\t<div class=\"e-con-inner\">\n\t\t\t\t<div class=\"elementor-element elementor-element-8d55c39 elementor-grid-2 elementor-grid-tablet-2 elementor-grid-mobile-1 elementor-posts--thumbnail-top elementor-card-shadow-yes elementor-posts__hover-gradient elementor-widget elementor-widget-posts\" data-id=\"8d55c39\" data-element_type=\"widget\" data-settings=\"{&quot;cards_columns&quot;:&quot;2&quot;,&quot;cards_columns_tablet&quot;:&quot;2&quot;,&quot;cards_columns_mobile&quot;:&quot;1&quot;,&quot;cards_row_gap&quot;:{&quot;unit&quot;:&quot;px&quot;,&quot;size&quot;:35,&quot;sizes&quot;:[]},&quot;cards_row_gap_tablet&quot;:{&quot;unit&quot;:&quot;px&quot;,&quot;size&quot;:&quot;&quot;,&quot;sizes&quot;:[]},&quot;cards_row_gap_mobile&quot;:{&quot;unit&quot;:&quot;px&quot;,&quot;size&quot;:&quot;&quot;,&quot;sizes&quot;:[]}}\" data-widget_type=\"posts.cards\">\n\t\t\t\t<div class=\"elementor-widget-container\">\n\t\t\t\t\t\t\t<div class=\"elementor-posts-container elementor-posts elementor-posts--skin-cards elementor-grid\" role=\"list\">\n\t\t\t\t<article class=\"elementor-post elementor-grid-item post-2749 post type-post status-publish format-standard has-post-thumbnail hentry category-tecnologias\" role=\"listitem\">\n\t\t\t<div class=\"elementor-post__card\">\n\t\t\t\t<a class=\"elementor-post__thumbnail__link\" href=\"https:\/\/www.adacen.org\/eu\/exoesqueleto\/\" tabindex=\"-1\" ><div class=\"elementor-post__thumbnail\"><img fetchpriority=\"high\" decoding=\"async\" width=\"2560\" height=\"1920\" src=\"https:\/\/www.adacen.org\/wp-content\/uploads\/2025\/02\/Imagen1-scaled.jpg\" class=\"attachment-full size-full wp-image-5429\" alt=\"\" srcset=\"https:\/\/www.adacen.org\/wp-content\/uploads\/2025\/02\/Imagen1-scaled.jpg 2560w, https:\/\/www.adacen.org\/wp-content\/uploads\/2025\/02\/Imagen1-300x225.jpg 300w, https:\/\/www.adacen.org\/wp-content\/uploads\/2025\/02\/Imagen1-1024x768.jpg 1024w, https:\/\/www.adacen.org\/wp-content\/uploads\/2025\/02\/Imagen1-768x576.jpg 768w, https:\/\/www.adacen.org\/wp-content\/uploads\/2025\/02\/Imagen1-1536x1152.jpg 1536w, https:\/\/www.adacen.org\/wp-content\/uploads\/2025\/02\/Imagen1-2048x1536.jpg 2048w, https:\/\/www.adacen.org\/wp-content\/uploads\/2025\/02\/Imagen1-1320x990.jpg 1320w\" sizes=\"(max-width: 2560px) 100vw, 2560px\" \/><\/div><\/a>\n\t\t\t\t<div class=\"elementor-post__text\">\n\t\t\t\t<h3 class=\"elementor-post__title\">\n\t\t\t<a href=\"https:\/\/www.adacen.org\/eu\/exoesqueleto\/\" >\n\t\t\t\tExoeskeletoa\t\t\t<\/a>\n\t\t<\/h3>\n\t\t\t\t<div class=\"elementor-post__excerpt\">\n\t\t\t<p>Erabilera industrialerako sortutako exoeskeleto bat egokitu da osasunaren arloan erabiltzeko, errehabilitaziorako lagungarria izan dadin, hemiparesia duten pertsonen mugikortasuna eta bizi-kalitatea hobetzeko (ezin baitute besoa-eskua mugitu). Hartutako Garun Kaltearen ondorio nagusienetako bat da. <\/p>\n\t\t<\/div>\n\t\t\n\t\t<a class=\"elementor-post__read-more\" href=\"https:\/\/www.adacen.org\/eu\/exoesqueleto\/\" aria-label=\"Read more about Exoesqueleto\" tabindex=\"-1\" >\n\t\t\tGEHIAGO IRAKURRI  \u00bb\t\t<\/a>\n\n\t\t\t\t<\/div>\n\t\t\t\t\t<\/div>\n\t\t<\/article>\n\t\t\t\t<article class=\"elementor-post elementor-grid-item post-2703 post type-post status-publish format-standard has-post-thumbnail hentry category-tecnologias\" role=\"listitem\">\n\t\t\t<div class=\"elementor-post__card\">\n\t\t\t\t<a class=\"elementor-post__thumbnail__link\" href=\"https:\/\/www.adacen.org\/eu\/kinect\/\" tabindex=\"-1\" ><div class=\"elementor-post__thumbnail\"><img decoding=\"async\" width=\"787\" height=\"611\" src=\"https:\/\/www.adacen.org\/wp-content\/uploads\/2025\/02\/kinect.jpg\" class=\"attachment-full size-full wp-image-4387\" alt=\"\" srcset=\"https:\/\/www.adacen.org\/wp-content\/uploads\/2025\/02\/kinect.jpg 787w, https:\/\/www.adacen.org\/wp-content\/uploads\/2025\/02\/kinect-300x233.jpg 300w, https:\/\/www.adacen.org\/wp-content\/uploads\/2025\/02\/kinect-768x596.jpg 768w\" sizes=\"(max-width: 787px) 100vw, 787px\" \/><\/div><\/a>\n\t\t\t\t<div class=\"elementor-post__text\">\n\t\t\t\t<h3 class=\"elementor-post__title\">\n\t\t\t<a href=\"https:\/\/www.adacen.org\/eu\/kinect\/\" >\n\t\t\t\tKinect\t\t\t<\/a>\n\t\t<\/h3>\n\t\t\t\t<div class=\"elementor-post__excerpt\">\n\t\t\t<p>Gaming Systems Errehabilitazioa edo goiko gorputz-adarraren Kinect izeneko makina goiko atalren mugikortasun maila hobetzeko erabiltzen da, bai eta jarrera, bi eskuen erabilera eta besoen koordinazioa hobetzeko ere. <\/p>\n\t\t<\/div>\n\t\t\n\t\t<a class=\"elementor-post__read-more\" href=\"https:\/\/www.adacen.org\/eu\/kinect\/\" aria-label=\"Read more about Kinect\" tabindex=\"-1\" >\n\t\t\tGEHIAGO IRAKURRI  \u00bb\t\t<\/a>\n\n\t\t\t\t<\/div>\n\t\t\t\t\t<\/div>\n\t\t<\/article>\n\t\t\t\t<article class=\"elementor-post elementor-grid-item post-2710 post type-post status-publish format-standard has-post-thumbnail hentry category-tecnologias\" role=\"listitem\">\n\t\t\t<div class=\"elementor-post__card\">\n\t\t\t\t<a class=\"elementor-post__thumbnail__link\" href=\"https:\/\/www.adacen.org\/eu\/rehametrics\/\" tabindex=\"-1\" ><div class=\"elementor-post__thumbnail\"><img decoding=\"async\" width=\"787\" height=\"586\" src=\"https:\/\/www.adacen.org\/wp-content\/uploads\/2025\/02\/Rehametrics.jpg\" class=\"attachment-full size-full wp-image-4386\" alt=\"\" srcset=\"https:\/\/www.adacen.org\/wp-content\/uploads\/2025\/02\/Rehametrics.jpg 787w, https:\/\/www.adacen.org\/wp-content\/uploads\/2025\/02\/Rehametrics-300x223.jpg 300w, https:\/\/www.adacen.org\/wp-content\/uploads\/2025\/02\/Rehametrics-768x572.jpg 768w\" sizes=\"(max-width: 787px) 100vw, 787px\" \/><\/div><\/a>\n\t\t\t\t<div class=\"elementor-post__text\">\n\t\t\t\t<h3 class=\"elementor-post__title\">\n\t\t\t<a href=\"https:\/\/www.adacen.org\/eu\/rehametrics\/\" >\n\t\t\t\tRehametrics\t\t\t<\/a>\n\t\t<\/h3>\n\t\t\t\t<div class=\"elementor-post__excerpt\">\n\t\t\t<p>Rehametrics sistema errehabilitazio birtualeko plataforma bat da, eta astero errehabilitazio fisikoko saioak arautzeko aukera ematen du. <\/p>\n\t\t<\/div>\n\t\t\n\t\t<a class=\"elementor-post__read-more\" href=\"https:\/\/www.adacen.org\/eu\/rehametrics\/\" aria-label=\"Read more about Rehametrics\" tabindex=\"-1\" >\n\t\t\tGEHIAGO IRAKURRI  \u00bb\t\t<\/a>\n\n\t\t\t\t<\/div>\n\t\t\t\t\t<\/div>\n\t\t<\/article>\n\t\t\t\t<article class=\"elementor-post elementor-grid-item post-2715 post type-post status-publish format-standard has-post-thumbnail hentry category-tecnologias\" role=\"listitem\">\n\t\t\t<div class=\"elementor-post__card\">\n\t\t\t\t<a class=\"elementor-post__thumbnail__link\" href=\"https:\/\/www.adacen.org\/eu\/arm-assist\/\" tabindex=\"-1\" ><div class=\"elementor-post__thumbnail\"><img loading=\"lazy\" decoding=\"async\" width=\"787\" height=\"525\" src=\"https:\/\/www.adacen.org\/wp-content\/uploads\/2025\/02\/ARMASSIST.jpg\" class=\"attachment-full size-full wp-image-4377\" alt=\"\" srcset=\"https:\/\/www.adacen.org\/wp-content\/uploads\/2025\/02\/ARMASSIST.jpg 787w, https:\/\/www.adacen.org\/wp-content\/uploads\/2025\/02\/ARMASSIST-300x200.jpg 300w, https:\/\/www.adacen.org\/wp-content\/uploads\/2025\/02\/ARMASSIST-768x512.jpg 768w\" sizes=\"(max-width: 787px) 100vw, 787px\" \/><\/div><\/a>\n\t\t\t\t<div class=\"elementor-post__text\">\n\t\t\t\t<h3 class=\"elementor-post__title\">\n\t\t\t<a href=\"https:\/\/www.adacen.org\/eu\/arm-assist\/\" >\n\t\t\t\tArm-Assist\t\t\t<\/a>\n\t\t<\/h3>\n\t\t\t\t<div class=\"elementor-post__excerpt\">\n\t\t\t<p>Arm-assist goiko gorputz-adarrak errehabilitatzeko robot lagundu bat da, desgaitasun neuromuskularra duten pertsonentzat pentsatua; bereziki egokia da garuneko kaltea izan duten pazienteentzat, baina onurak ere baditu beste patologia mota batzuetan. <\/p>\n\t\t<\/div>\n\t\t\n\t\t<a class=\"elementor-post__read-more\" href=\"https:\/\/www.adacen.org\/eu\/arm-assist\/\" aria-label=\"Read more about Arm-Assist\" tabindex=\"-1\" >\n\t\t\tGEHIAGO IRAKURRI  \u00bb\t\t<\/a>\n\n\t\t\t\t<\/div>\n\t\t\t\t\t<\/div>\n\t\t<\/article>\n\t\t\t\t<article class=\"elementor-post elementor-grid-item post-2726 post type-post status-publish format-standard has-post-thumbnail hentry category-tecnologias\" role=\"listitem\">\n\t\t\t<div class=\"elementor-post__card\">\n\t\t\t\t<a class=\"elementor-post__thumbnail__link\" href=\"https:\/\/www.adacen.org\/eu\/tablet\/\" tabindex=\"-1\" ><div class=\"elementor-post__thumbnail\"><img loading=\"lazy\" decoding=\"async\" width=\"787\" height=\"525\" src=\"https:\/\/www.adacen.org\/wp-content\/uploads\/2025\/02\/Tablets.jpg\" class=\"attachment-full size-full wp-image-4385\" alt=\"\" srcset=\"https:\/\/www.adacen.org\/wp-content\/uploads\/2025\/02\/Tablets.jpg 787w, https:\/\/www.adacen.org\/wp-content\/uploads\/2025\/02\/Tablets-300x200.jpg 300w, https:\/\/www.adacen.org\/wp-content\/uploads\/2025\/02\/Tablets-768x512.jpg 768w\" sizes=\"(max-width: 787px) 100vw, 787px\" \/><\/div><\/a>\n\t\t\t\t<div class=\"elementor-post__text\">\n\t\t\t\t<h3 class=\"elementor-post__title\">\n\t\t\t<a href=\"https:\/\/www.adacen.org\/eu\/tablet\/\" >\n\t\t\t\tTablet\t\t\t<\/a>\n\t\t<\/h3>\n\t\t\t\t<div class=\"elementor-post__excerpt\">\n\t\t\t<p>Tabletak erabiliz, funtzio kognitiboak estimulatzen dira: oroimena, arreta, orientazioa\u2026<br \/>\nTresna intuitiboak, eramangarriak eta irisgarriak dira. <\/p>\n\t\t<\/div>\n\t\t\n\t\t<a class=\"elementor-post__read-more\" href=\"https:\/\/www.adacen.org\/eu\/tablet\/\" aria-label=\"Read more about Tablet\" tabindex=\"-1\" >\n\t\t\tGEHIAGO IRAKURRI  \u00bb\t\t<\/a>\n\n\t\t\t\t<\/div>\n\t\t\t\t\t<\/div>\n\t\t<\/article>\n\t\t\t\t<article class=\"elementor-post elementor-grid-item post-2734 post type-post status-publish format-standard has-post-thumbnail hentry category-tecnologias\" role=\"listitem\">\n\t\t\t<div class=\"elementor-post__card\">\n\t\t\t\t<a class=\"elementor-post__thumbnail__link\" href=\"https:\/\/www.adacen.org\/eu\/mesas-interactivas\/\" tabindex=\"-1\" ><div class=\"elementor-post__thumbnail\"><img loading=\"lazy\" decoding=\"async\" width=\"787\" height=\"525\" src=\"https:\/\/www.adacen.org\/wp-content\/uploads\/2025\/02\/PIZARRAINTERACTIVA3.jpg\" class=\"attachment-full size-full wp-image-4384\" alt=\"\" srcset=\"https:\/\/www.adacen.org\/wp-content\/uploads\/2025\/02\/PIZARRAINTERACTIVA3.jpg 787w, https:\/\/www.adacen.org\/wp-content\/uploads\/2025\/02\/PIZARRAINTERACTIVA3-300x200.jpg 300w, https:\/\/www.adacen.org\/wp-content\/uploads\/2025\/02\/PIZARRAINTERACTIVA3-768x512.jpg 768w\" sizes=\"(max-width: 787px) 100vw, 787px\" \/><\/div><\/a>\n\t\t\t\t<div class=\"elementor-post__text\">\n\t\t\t\t<h3 class=\"elementor-post__title\">\n\t\t\t<a href=\"https:\/\/www.adacen.org\/eu\/mesas-interactivas\/\" >\n\t\t\t\tMahai elkarreragileak\t\t\t<\/a>\n\t\t<\/h3>\n\t\t\t\t<div class=\"elementor-post__excerpt\">\n\t\t\t<p>Adacen erakundearen erabiltzaileek gailu digitalen bidezko neuroerrehabilitazio programak dituzte eskura, hala nola mahai elkarreragileak, hainbat funtzio kognitibotan hobekuntzak lortzeko, bai eta portaera eta komunikazio arloko funtzio batzuk hobetzeko ere.<\/p>\n\t\t<\/div>\n\t\t\n\t\t<a class=\"elementor-post__read-more\" href=\"https:\/\/www.adacen.org\/eu\/mesas-interactivas\/\" aria-label=\"Read more about Mesas interactivas\" tabindex=\"-1\" >\n\t\t\tGEHIAGO IRAKURRI  \u00bb\t\t<\/a>\n\n\t\t\t\t<\/div>\n\t\t\t\t\t<\/div>\n\t\t<\/article>\n\t\t\t\t<article class=\"elementor-post elementor-grid-item post-2739 post type-post status-publish format-standard has-post-thumbnail hentry category-tecnologias\" role=\"listitem\">\n\t\t\t<div class=\"elementor-post__card\">\n\t\t\t\t<a class=\"elementor-post__thumbnail__link\" href=\"https:\/\/www.adacen.org\/eu\/gafas-de-realidad-virtual\/\" tabindex=\"-1\" ><div class=\"elementor-post__thumbnail\"><img loading=\"lazy\" decoding=\"async\" width=\"787\" height=\"525\" src=\"https:\/\/www.adacen.org\/wp-content\/uploads\/2025\/02\/gafasinteractivas.jpg\" class=\"attachment-full size-full wp-image-4383\" alt=\"\" srcset=\"https:\/\/www.adacen.org\/wp-content\/uploads\/2025\/02\/gafasinteractivas.jpg 787w, https:\/\/www.adacen.org\/wp-content\/uploads\/2025\/02\/gafasinteractivas-300x200.jpg 300w, https:\/\/www.adacen.org\/wp-content\/uploads\/2025\/02\/gafasinteractivas-768x512.jpg 768w\" sizes=\"(max-width: 787px) 100vw, 787px\" \/><\/div><\/a>\n\t\t\t\t<div class=\"elementor-post__text\">\n\t\t\t\t<h3 class=\"elementor-post__title\">\n\t\t\t<a href=\"https:\/\/www.adacen.org\/eu\/gafas-de-realidad-virtual\/\" >\n\t\t\t\tErrealitate birtualeko betaurrekoak\t\t\t<\/a>\n\t\t<\/h3>\n\t\t\t\t<div class=\"elementor-post__excerpt\">\n\t\t\t<p>Errehabilitazio birtualaren bidezko terapiak ahalmen handia du neurorrehabilitaziorako, ingurune birtualak erabiliz.<\/p>\n\t\t<\/div>\n\t\t\n\t\t<a class=\"elementor-post__read-more\" href=\"https:\/\/www.adacen.org\/eu\/gafas-de-realidad-virtual\/\" aria-label=\"Read more about Gafas de Realidad Virtual\" tabindex=\"-1\" >\n\t\t\tGEHIAGO IRAKURRI  \u00bb\t\t<\/a>\n\n\t\t\t\t<\/div>\n\t\t\t\t\t<\/div>\n\t\t<\/article>\n\t\t\t\t<article class=\"elementor-post elementor-grid-item post-2744 post type-post status-publish format-standard has-post-thumbnail hentry category-tecnologias\" role=\"listitem\">\n\t\t\t<div class=\"elementor-post__card\">\n\t\t\t\t<a class=\"elementor-post__thumbnail__link\" href=\"https:\/\/www.adacen.org\/eu\/hand-tutor\/\" tabindex=\"-1\" ><div class=\"elementor-post__thumbnail\"><img loading=\"lazy\" decoding=\"async\" width=\"787\" height=\"525\" src=\"https:\/\/www.adacen.org\/wp-content\/uploads\/2025\/02\/HANDTUTOR.jpg\" class=\"attachment-full size-full wp-image-4382\" alt=\"\" srcset=\"https:\/\/www.adacen.org\/wp-content\/uploads\/2025\/02\/HANDTUTOR.jpg 787w, https:\/\/www.adacen.org\/wp-content\/uploads\/2025\/02\/HANDTUTOR-300x200.jpg 300w, https:\/\/www.adacen.org\/wp-content\/uploads\/2025\/02\/HANDTUTOR-768x512.jpg 768w\" sizes=\"(max-width: 787px) 100vw, 787px\" \/><\/div><\/a>\n\t\t\t\t<div class=\"elementor-post__text\">\n\t\t\t\t<h3 class=\"elementor-post__title\">\n\t\t\t<a href=\"https:\/\/www.adacen.org\/eu\/hand-tutor\/\" >\n\t\t\t\tHand Tutor\t\t\t<\/a>\n\t\t<\/h3>\n\t\t\t\t<div class=\"elementor-post__excerpt\">\n\t\t\t<p>Sistema honek eskuaren errehabilitazio motorra eta funtzionala du xede.<br \/>\nEskularru ergonomiko eramangarri batez eta errehabilitazio-terapia fisikorako software espezializatu batez dago osatua, eta jarduera kontrolatzeko eta ebaluatzeko aukera ematen du. <\/p>\n\t\t<\/div>\n\t\t\n\t\t<a class=\"elementor-post__read-more\" href=\"https:\/\/www.adacen.org\/eu\/hand-tutor\/\" aria-label=\"Read more about Hand Tutor\" tabindex=\"-1\" >\n\t\t\tGEHIAGO IRAKURRI  \u00bb\t\t<\/a>\n\n\t\t\t\t<\/div>\n\t\t\t\t\t<\/div>\n\t\t<\/article>\n\t\t\t\t<article class=\"elementor-post elementor-grid-item post-2759 post type-post status-publish format-standard has-post-thumbnail hentry category-tecnologias\" role=\"listitem\">\n\t\t\t<div class=\"elementor-post__card\">\n\t\t\t\t<a class=\"elementor-post__thumbnail__link\" href=\"https:\/\/www.adacen.org\/eu\/fesia-grasp\/\" tabindex=\"-1\" ><div class=\"elementor-post__thumbnail\"><img loading=\"lazy\" decoding=\"async\" width=\"900\" height=\"592\" src=\"https:\/\/www.adacen.org\/wp-content\/uploads\/2025\/02\/fesia-grasp1.png\" class=\"attachment-full size-full wp-image-4379\" alt=\"\" srcset=\"https:\/\/www.adacen.org\/wp-content\/uploads\/2025\/02\/fesia-grasp1.png 900w, https:\/\/www.adacen.org\/wp-content\/uploads\/2025\/02\/fesia-grasp1-300x197.png 300w, https:\/\/www.adacen.org\/wp-content\/uploads\/2025\/02\/fesia-grasp1-768x505.png 768w\" sizes=\"(max-width: 900px) 100vw, 900px\" \/><\/div><\/a>\n\t\t\t\t<div class=\"elementor-post__text\">\n\t\t\t\t<h3 class=\"elementor-post__title\">\n\t\t\t<a href=\"https:\/\/www.adacen.org\/eu\/fesia-grasp\/\" >\n\t\t\t\tFesia Grasp\t\t\t<\/a>\n\t\t<\/h3>\n\t\t\t\t<div class=\"elementor-post__excerpt\">\n\t\t\t<p>Eskuaren trebetasuna errehabilitatzeko gailu berritzailea da, estimulazio elektriko funtzionala erabiliz. <\/p>\n\t\t<\/div>\n\t\t\n\t\t<a class=\"elementor-post__read-more\" href=\"https:\/\/www.adacen.org\/eu\/fesia-grasp\/\" aria-label=\"Read more about Fesia Grasp\" tabindex=\"-1\" >\n\t\t\tGEHIAGO IRAKURRI  \u00bb\t\t<\/a>\n\n\t\t\t\t<\/div>\n\t\t\t\t\t<\/div>\n\t\t<\/article>\n\t\t\t\t<article class=\"elementor-post elementor-grid-item post-2764 post type-post status-publish format-standard has-post-thumbnail hentry category-tecnologias\" role=\"listitem\">\n\t\t\t<div class=\"elementor-post__card\">\n\t\t\t\t<a class=\"elementor-post__thumbnail__link\" href=\"https:\/\/www.adacen.org\/eu\/fesia-walk\/\" tabindex=\"-1\" ><div class=\"elementor-post__thumbnail\"><img loading=\"lazy\" decoding=\"async\" width=\"1920\" height=\"2560\" src=\"https:\/\/www.adacen.org\/wp-content\/uploads\/2025\/02\/image001-scaled.jpg\" class=\"attachment-full size-full wp-image-4378\" alt=\"\" srcset=\"https:\/\/www.adacen.org\/wp-content\/uploads\/2025\/02\/image001-scaled.jpg 1920w, https:\/\/www.adacen.org\/wp-content\/uploads\/2025\/02\/image001-225x300.jpg 225w, https:\/\/www.adacen.org\/wp-content\/uploads\/2025\/02\/image001-768x1024.jpg 768w, https:\/\/www.adacen.org\/wp-content\/uploads\/2025\/02\/image001-1152x1536.jpg 1152w, https:\/\/www.adacen.org\/wp-content\/uploads\/2025\/02\/image001-1536x2048.jpg 1536w\" sizes=\"(max-width: 1920px) 100vw, 1920px\" \/><\/div><\/a>\n\t\t\t\t<div class=\"elementor-post__text\">\n\t\t\t\t<h3 class=\"elementor-post__title\">\n\t\t\t<a href=\"https:\/\/www.adacen.org\/eu\/fesia-walk\/\" >\n\t\t\t\tFesia Walk\t\t\t<\/a>\n\t\t<\/h3>\n\t\t\t\t<div class=\"elementor-post__excerpt\">\n\t\t\t<p>Ibilera errehabilitatzeko gailu bat da, nerbio-sistemako gaixotasun edo lesio baten eraginez oin eroria pairatzen duten pertsonentzat. <\/p>\n\t\t<\/div>\n\t\t\n\t\t<a class=\"elementor-post__read-more\" href=\"https:\/\/www.adacen.org\/eu\/fesia-walk\/\" aria-label=\"Read more about Fesia Walk\" tabindex=\"-1\" >\n\t\t\tGEHIAGO IRAKURRI  \u00bb\t\t<\/a>\n\n\t\t\t\t<\/div>\n\t\t\t\t\t<\/div>\n\t\t<\/article>\n\t\t\t\t<\/div>\n\t\t\n\t\t\t\t\t\t<\/div>\n\t\t\t\t<\/div>\n\t\t\t\t\t<\/div>\n\t\t\t\t<\/div>\n\t\t\t\t<\/div>","protected":false},"excerpt":{"rendered":"<p>TECNOLOGIAS En ADACEN tenemos una s\u00f3lida experiencia en el uso e investigaci\u00f3n de nuevas tecnolog\u00edas destinadas a mejorar la calidad de atenci\u00f3n de personas con da\u00f1o cerebral.<\/p>","protected":false},"author":1,"featured_media":0,"parent":0,"menu_order":0,"comment_status":"closed","ping_status":"closed","template":"","meta":{"site-sidebar-layout":"no-sidebar","site-content-layout":"page-builder","ast-site-content-layout":"full-width-container","site-content-style":"default","site-sidebar-style":"default","ast-global-header-display":"","ast-banner-title-visibility":"disabled","ast-main-header-display":"","ast-hfb-above-header-display":"","ast-hfb-below-header-display":"","ast-hfb-mobile-header-display":"","site-post-title":"disabled","ast-breadcrumbs-content":"","ast-featured-img":"disabled","footer-sml-layout":"","theme-transparent-header-meta":"","adv-header-id-meta":"","stick-header-meta":"","header-above-stick-meta":"","header-main-stick-meta":"","header-below-stick-meta":"","astra-migrate-meta-layouts":"set","ast-page-background-enabled":"default","ast-page-background-meta":{"desktop":{"background-color":"var(--ast-global-color-4)","background-image":"","background-repeat":"repeat","background-position":"center center","background-size":"auto","background-attachment":"scroll","background-type":"","background-media":"","overlay-type":"","overlay-color":"","overlay-opacity":"","overlay-gradient":""},"tablet":{"background-color":"","background-image":"","background-repeat":"repeat","background-position":"center center","background-size":"auto","background-attachment":"scroll","background-type":"","background-media":"","overlay-type":"","overlay-color":"","overlay-opacity":"","overlay-gradient":""},"mobile":{"background-color":"","background-image":"","background-repeat":"repeat","background-position":"center center","background-size":"auto","background-attachment":"scroll","background-type":"","background-media":"","overlay-type":"","overlay-color":"","overlay-opacity":"","overlay-gradient":""}},"ast-content-background-meta":{"desktop":{"background-color":"var(--ast-global-color-5)","background-image":"","background-repeat":"repeat","background-position":"center center","background-size":"auto","background-attachment":"scroll","background-type":"","background-media":"","overlay-type":"","overlay-color":"","overlay-opacity":"","overlay-gradient":""},"tablet":{"background-color":"var(--ast-global-color-5)","background-image":"","background-repeat":"repeat","background-position":"center center","background-size":"auto","background-attachment":"scroll","background-type":"","background-media":"","overlay-type":"","overlay-color":"","overlay-opacity":"","overlay-gradient":""},"mobile":{"background-color":"var(--ast-global-color-5)","background-image":"","background-repeat":"repeat","background-position":"center center","background-size":"auto","background-attachment":"scroll","background-type":"","background-media":"","overlay-type":"","overlay-color":"","overlay-opacity":"","overlay-gradient":""}},"footnotes":""},"class_list":["post-1778","page","type-page","status-publish","hentry"],"_links":{"self":[{"href":"https:\/\/www.adacen.org\/eu\/wp-json\/wp\/v2\/pages\/1778","targetHints":{"allow":["GET"]}}],"collection":[{"href":"https:\/\/www.adacen.org\/eu\/wp-json\/wp\/v2\/pages"}],"about":[{"href":"https:\/\/www.adacen.org\/eu\/wp-json\/wp\/v2\/types\/page"}],"author":[{"embeddable":true,"href":"https:\/\/www.adacen.org\/eu\/wp-json\/wp\/v2\/users\/1"}],"replies":[{"embeddable":true,"href":"https:\/\/www.adacen.org\/eu\/wp-json\/wp\/v2\/comments?post=1778"}],"version-history":[{"count":40,"href":"https:\/\/www.adacen.org\/eu\/wp-json\/wp\/v2\/pages\/1778\/revisions"}],"predecessor-version":[{"id":5041,"href":"https:\/\/www.adacen.org\/eu\/wp-json\/wp\/v2\/pages\/1778\/revisions\/5041"}],"wp:attachment":[{"href":"https:\/\/www.adacen.org\/eu\/wp-json\/wp\/v2\/media?parent=1778"}],"curies":[{"name":"wp","href":"https:\/\/api.w.org\/{rel}","templated":true}]}}