{"id":1756,"date":"2025-01-12T01:56:48","date_gmt":"2025-01-12T00:56:48","guid":{"rendered":"https:\/\/adacen.org\/?page_id=1756"},"modified":"2026-02-05T08:21:37","modified_gmt":"2026-02-05T07:21:37","slug":"docencia","status":"publish","type":"page","link":"https:\/\/www.adacen.org\/eu\/docencia\/","title":{"rendered":"IRAKASKUNTZA"},"content":{"rendered":"<div data-elementor-type=\"wp-page\" data-elementor-id=\"1756\" class=\"elementor elementor-1756\" data-elementor-post-type=\"page\">\n\t\t\t\t<div class=\"elementor-element elementor-element-8a678ce e-flex e-con-boxed e-con e-parent\" data-id=\"8a678ce\" data-element_type=\"container\" data-settings=\"{&quot;background_background&quot;:&quot;classic&quot;}\">\n\t\t\t\t\t<div class=\"e-con-inner\">\n\t\t\t\t<div class=\"elementor-element elementor-element-6f21b5c elementor-widget elementor-widget-heading\" data-id=\"6f21b5c\" data-element_type=\"widget\" data-widget_type=\"heading.default\">\n\t\t\t\t<div class=\"elementor-widget-container\">\n\t\t\t\t\t<h1 class=\"elementor-heading-title elementor-size-default\">IRAKASKUNTZA<\/h1>\t\t\t\t<\/div>\n\t\t\t\t<\/div>\n\t\t\t\t\t<\/div>\n\t\t\t\t<\/div>\n\t\t<div class=\"elementor-element elementor-element-91b097b e-flex e-con-boxed e-con e-parent\" data-id=\"91b097b\" data-element_type=\"container\">\n\t\t\t\t\t<div class=\"e-con-inner\">\n\t\t<div class=\"elementor-element elementor-element-2673aad e-con-full e-flex e-con e-child\" data-id=\"2673aad\" data-element_type=\"container\">\n\t\t\t\t<div class=\"elementor-element elementor-element-de93dc1 elementor-widget elementor-widget-image\" data-id=\"de93dc1\" data-element_type=\"widget\" data-widget_type=\"image.default\">\n\t\t\t\t<div class=\"elementor-widget-container\">\n\t\t\t\t\t\t\t\t\t\t\t\t\t\t\t<img fetchpriority=\"high\" decoding=\"async\" width=\"779\" height=\"370\" src=\"https:\/\/www.adacen.org\/wp-content\/uploads\/2025\/02\/foto_intro9.jpg\" class=\"attachment-large size-large wp-image-2883\" alt=\"\" srcset=\"https:\/\/www.adacen.org\/wp-content\/uploads\/2025\/02\/foto_intro9.jpg 779w, https:\/\/www.adacen.org\/wp-content\/uploads\/2025\/02\/foto_intro9-300x142.jpg 300w, https:\/\/www.adacen.org\/wp-content\/uploads\/2025\/02\/foto_intro9-768x365.jpg 768w\" sizes=\"(max-width: 779px) 100vw, 779px\" \/>\t\t\t\t\t\t\t\t\t\t\t\t\t\t\t<\/div>\n\t\t\t\t<\/div>\n\t\t\t\t<\/div>\n\t\t<div class=\"elementor-element elementor-element-8ebf870 e-con-full e-flex e-con e-child\" data-id=\"8ebf870\" data-element_type=\"container\">\n\t\t\t\t<div class=\"elementor-element elementor-element-7ff99ea elementor-widget elementor-widget-text-editor\" data-id=\"7ff99ea\" data-element_type=\"widget\" data-widget_type=\"text-editor.default\">\n\t\t\t\t<div class=\"elementor-widget-container\">\n\t\t\t\t\t\t\t\t\t<p>ADACENen pentsatzen dugu prestakuntza eta ezagutzak eguneratzea behar-beharrezkoak direla zaintzaile profesionaletan, zaintzak hobeki egiteko eta beren zeregin profesionalari balioa emateko. Prestakuntzak, gainera, zaintzaileek artatzen duten talde hain garrantzitsu horren bizi-kalitatea sendotzeko eta handitzeko aukera ematen du.<br \/>Prestakuntzarako zentroa gara, Nafarroako Enplegu Zerbitzuak-Nafar Lansarek ziurtatua.<br \/>Profesionaltasun Ziurtagiriak ematen ditugu.<\/p>\t\t\t\t\t\t\t\t<\/div>\n\t\t\t\t<\/div>\n\t\t\t\t<\/div>\n\t\t\t\t\t<\/div>\n\t\t\t\t<\/div>\n\t\t<div class=\"elementor-element elementor-element-05e3d3b e-flex e-con-boxed e-con e-parent\" data-id=\"05e3d3b\" data-element_type=\"container\">\n\t\t\t\t\t<div class=\"e-con-inner\">\n\t\t\t\t<div class=\"elementor-element elementor-element-d8f0ce1 elementor-widget elementor-widget-text-editor\" data-id=\"d8f0ce1\" data-element_type=\"widget\" data-widget_type=\"text-editor.default\">\n\t\t\t\t<div class=\"elementor-widget-container\">\n\t\t\t\t\t\t\t\t\t<p>Honako hauei zuzendutako ikastaroak antolatu edo lankidetzan aritzen gara:<\/p><ul><li>Zaintzaile profesionalak<\/li><li>Familia zaintzaileak<\/li><li>Enpresak (Prebentzioaren eta Bizitza Osasungarriaren arloan)<\/li><li>Profesionaltasun ziurtagiriak gizarte eta osasun arloan (Instituzioak eta Etxez etxe).<\/li><\/ul><p>Honakoekin aritzen gara lankidetzan:<\/p><p><a href=\"https:\/\/rodoia.com\/\" target=\"_blank\" rel=\"noopener\"><img decoding=\"async\" src=\"https:\/\/www.proyectos-wp-arwendyd.com\/cenavarra_userfiles\/images\/logo_rodoia.png\" alt=\"\" \/><\/a><\/p><p><em><strong>Actualmente no tenemos ninguna formaci\u00f3n programada<\/strong><\/em><\/p>\t\t\t\t\t\t\t\t<\/div>\n\t\t\t\t<\/div>\n\t\t\t\t\t<\/div>\n\t\t\t\t<\/div>\n\t\t<div class=\"elementor-element elementor-element-036ee62 e-flex e-con-boxed e-con e-parent\" data-id=\"036ee62\" data-element_type=\"container\">\n\t\t\t\t\t<div class=\"e-con-inner\">\n\t\t\t\t\t<\/div>\n\t\t\t\t<\/div>\n\t\t<div class=\"elementor-element elementor-element-5a4207a e-flex e-con-boxed e-con e-parent\" data-id=\"5a4207a\" data-element_type=\"container\" data-settings=\"{&quot;background_background&quot;:&quot;classic&quot;}\">\n\t\t\t\t\t<div class=\"e-con-inner\">\n\t\t<div class=\"elementor-element elementor-element-11a1b85 e-con-full e-flex e-con e-child\" data-id=\"11a1b85\" data-element_type=\"container\">\n\t\t\t\t<div class=\"elementor-element elementor-element-29de3ac elementor-widget elementor-widget-heading\" data-id=\"29de3ac\" data-element_type=\"widget\" data-widget_type=\"heading.default\">\n\t\t\t\t<div class=\"elementor-widget-container\">\n\t\t\t\t\t<h4 class=\"elementor-heading-title elementor-size-default\">Gehiago jakin nahi duzu? Eskatu informazioa eta zure zalantzak poz-pozik argituko ditugu.<\/h4>\t\t\t\t<\/div>\n\t\t\t\t<\/div>\n\t\t\t\t<\/div>\n\t\t<div class=\"elementor-element elementor-element-78a6b88 e-con-full e-flex e-con e-child\" data-id=\"78a6b88\" data-element_type=\"container\">\n\t\t\t\t<div class=\"elementor-element elementor-element-295242f elementor-align-right elementor-mobile-align-justify elementor-widget elementor-widget-button\" data-id=\"295242f\" data-element_type=\"widget\" data-widget_type=\"button.default\">\n\t\t\t\t<div class=\"elementor-widget-container\">\n\t\t\t\t\t\t\t\t\t<div class=\"elementor-button-wrapper\">\n\t\t\t\t\t<a class=\"elementor-button elementor-button-link elementor-size-sm\" href=\"https:\/\/www.adacen.org\/eu\/contacto\/\">\n\t\t\t\t\t\t<span class=\"elementor-button-content-wrapper\">\n\t\t\t\t\t\t\t\t\t<span class=\"elementor-button-text\">INFORMAZIOA ESKATU<\/span>\n\t\t\t\t\t<\/span>\n\t\t\t\t\t<\/a>\n\t\t\t\t<\/div>\n\t\t\t\t\t\t\t\t<\/div>\n\t\t\t\t<\/div>\n\t\t\t\t<\/div>\n\t\t\t\t\t<\/div>\n\t\t\t\t<\/div>\n\t\t\t\t<\/div>","protected":false},"excerpt":{"rendered":"<p>DOCENCIA En ADACEN consideramos que la formaci\u00f3n y la actualizaci\u00f3n de conocimientos espec\u00edficos son imprescindibles en los cuidadores profesionales, para realizar mejor los cuidados y dar valor a su desempe\u00f1o profesional. La formaci\u00f3n, adem\u00e1s, permite potenciar y aumentar la calidad de vida de este grupo tan importante de poblaci\u00f3n a la que atienden.Somos un centro [&hellip;]<\/p>","protected":false},"author":1,"featured_media":0,"parent":0,"menu_order":0,"comment_status":"closed","ping_status":"closed","template":"","meta":{"site-sidebar-layout":"no-sidebar","site-content-layout":"page-builder","ast-site-content-layout":"full-width-container","site-content-style":"default","site-sidebar-style":"default","ast-global-header-display":"","ast-banner-title-visibility":"disabled","ast-main-header-display":"","ast-hfb-above-header-display":"","ast-hfb-below-header-display":"","ast-hfb-mobile-header-display":"","site-post-title":"disabled","ast-breadcrumbs-content":"","ast-featured-img":"disabled","footer-sml-layout":"","theme-transparent-header-meta":"","adv-header-id-meta":"","stick-header-meta":"","header-above-stick-meta":"","header-main-stick-meta":"","header-below-stick-meta":"","astra-migrate-meta-layouts":"set","ast-page-background-enabled":"default","ast-page-background-meta":{"desktop":{"background-color":"var(--ast-global-color-4)","background-image":"","background-repeat":"repeat","background-position":"center center","background-size":"auto","background-attachment":"scroll","background-type":"","background-media":"","overlay-type":"","overlay-color":"","overlay-opacity":"","overlay-gradient":""},"tablet":{"background-color":"","background-image":"","background-repeat":"repeat","background-position":"center center","background-size":"auto","background-attachment":"scroll","background-type":"","background-media":"","overlay-type":"","overlay-color":"","overlay-opacity":"","overlay-gradient":""},"mobile":{"background-color":"","background-image":"","background-repeat":"repeat","background-position":"center center","background-size":"auto","background-attachment":"scroll","background-type":"","background-media":"","overlay-type":"","overlay-color":"","overlay-opacity":"","overlay-gradient":""}},"ast-content-background-meta":{"desktop":{"background-color":"var(--ast-global-color-5)","background-image":"","background-repeat":"repeat","background-position":"center center","background-size":"auto","background-attachment":"scroll","background-type":"","background-media":"","overlay-type":"","overlay-color":"","overlay-opacity":"","overlay-gradient":""},"tablet":{"background-color":"var(--ast-global-color-5)","background-image":"","background-repeat":"repeat","background-position":"center center","background-size":"auto","background-attachment":"scroll","background-type":"","background-media":"","overlay-type":"","overlay-color":"","overlay-opacity":"","overlay-gradient":""},"mobile":{"background-color":"var(--ast-global-color-5)","background-image":"","background-repeat":"repeat","background-position":"center center","background-size":"auto","background-attachment":"scroll","background-type":"","background-media":"","overlay-type":"","overlay-color":"","overlay-opacity":"","overlay-gradient":""}},"footnotes":""},"class_list":["post-1756","page","type-page","status-publish","hentry"],"_links":{"self":[{"href":"https:\/\/www.adacen.org\/eu\/wp-json\/wp\/v2\/pages\/1756","targetHints":{"allow":["GET"]}}],"collection":[{"href":"https:\/\/www.adacen.org\/eu\/wp-json\/wp\/v2\/pages"}],"about":[{"href":"https:\/\/www.adacen.org\/eu\/wp-json\/wp\/v2\/types\/page"}],"author":[{"embeddable":true,"href":"https:\/\/www.adacen.org\/eu\/wp-json\/wp\/v2\/users\/1"}],"replies":[{"embeddable":true,"href":"https:\/\/www.adacen.org\/eu\/wp-json\/wp\/v2\/comments?post=1756"}],"version-history":[{"count":46,"href":"https:\/\/www.adacen.org\/eu\/wp-json\/wp\/v2\/pages\/1756\/revisions"}],"predecessor-version":[{"id":5943,"href":"https:\/\/www.adacen.org\/eu\/wp-json\/wp\/v2\/pages\/1756\/revisions\/5943"}],"wp:attachment":[{"href":"https:\/\/www.adacen.org\/eu\/wp-json\/wp\/v2\/media?parent=1756"}],"curies":[{"name":"wp","href":"https:\/\/api.w.org\/{rel}","templated":true}]}}